{"id":1892,"date":"2018-07-09T13:55:19","date_gmt":"2018-07-09T11:55:19","guid":{"rendered":"http:\/\/www.pro-digital.at\/newsletter\/?page_id=1892"},"modified":"2018-07-09T14:05:42","modified_gmt":"2018-07-09T12:05:42","slug":"datenschutzerklaerung","status":"publish","type":"page","link":"http:\/\/www.pro-digital.at\/newsletter\/?page_id=1892","title":{"rendered":"Datenschutzerkl\u00e4rung"},"content":{"rendered":"<p><strong>Erkl\u00e4rung zur Informationspflicht (Datenschutzerkl\u00e4rung) Stand Dezember 2017<\/strong><\/p>\n<p>Der Schutz Ihrer pers\u00f6nlichen Daten ist uns ein besonderes Anliegen. Wir verarbeiten Ihre Daten daher ausschlie\u00dflich auf Grundlage der gesetzlichen Bestimmungen (DSGVO, TKG 2003). In diesen Datenschutzinformationen informieren wir Sie \u00fcber die wichtigsten Aspekte der Datenverarbeitung im Rahmen unserer Website.<\/p>\n<p>&nbsp;<\/p>\n<p><strong>Kontakt mit uns<\/strong><\/p>\n<p>Wenn Sie per Formular auf der Website oder per E-Mail Kontakt mit uns aufnehmen, werden Ihre angegebenen Daten zwecks Bearbeitung der Anfrage und f\u00fcr den Fall von Anschlussfragen\u00a0 bei uns gespeichert. Diese Daten geben wir nicht ohne Ihre Einwilligung weiter.<\/p>\n<p><strong>Cookies<\/strong><\/p>\n<p>Unsere Website verwendet so genannte Cookies. Dabei handelt es sich um kleine Textdateien, die mit Hilfe des Browsers auf Ihrem Endger\u00e4t abgelegt werden. Sie richten keinen Schaden an.<\/p>\n<p>Wir nutzen Cookies dazu, unser Angebot nutzerfreundlich zu gestalten. Einige Cookies bleiben auf Ihrem Endger\u00e4t gespeichert, bis Sie diese l\u00f6schen. Sie erm\u00f6glichen es uns, Ihren Browser beim n\u00e4chsten Besuch wiederzuerkennen.<\/p>\n<p>Wenn Sie dies nicht w\u00fcnschen, so k\u00f6nnen Sie Ihren Browser so einrichten, dass er Sie \u00fcber das Setzen von Cookies informiert und Sie dies nur im Einzelfall erlauben.<\/p>\n<p>Bei der Deaktivierung von Cookies kann die Funktionalit\u00e4t unserer Website eingeschr\u00e4nkt sein.<\/p>\n<p><strong>Newsletter<\/strong><\/p>\n<p>Sie haben die M\u00f6glichkeit, \u00fcber unsere Website unseren Newsletter zu abonnieren. Hierf\u00fcr ben\u00f6tigen wir Ihre E-Mail-Adresse und ihre Erkl\u00e4rung, dass Sie mit dem Bezug des Newsletters einverstanden sind.<\/p>\n<p>Sobald Sie sich f\u00fcr den Newsletter angemeldet haben, senden wir Ihnen ein Best\u00e4tigungs-E-Mail mit einem Link zur Best\u00e4tigung der Anmeldung. Das Abo des Newsletters k\u00f6nnen Sie jederzeit stornieren. Senden Sie Ihre Stornierung bitte an folgende E-Mail-Adresse: <em>office@pro-digital.at.<\/em> Wir l\u00f6schen anschlie\u00dfend umgehend Ihre Daten im Zusammenhang mit dem Newsletter-Versand.<\/p>\n<p><strong>Ihre Rechte<\/strong><\/p>\n<p>Ihnen stehen grunds\u00e4tzlich die Rechte auf Auskunft, Berichtigung, L\u00f6schung, Einschr\u00e4nkung, Daten\u00fcbertragbarkeit, Widerruf und Widerspruch zu. Wenn Sie glauben, dass die Verarbeitung Ihrer Daten gegen das Datenschutzrecht verst\u00f6\u00dft oder Ihre datenschutzrechtlichen Anspr\u00fcche sonst in einer Weise verletzt worden sind, k\u00f6nnen Sie sich bei der Aufsichtsbeh\u00f6rde beschweren. In \u00d6sterreich ist dies die Datenschutzbeh\u00f6rde.<\/p>\n<p>Wir speichern und verwenden Ihre personenbezogenen Daten ausschlie\u00dflich zur Abwicklung Ihrer Bestellung und eventueller Reklamationen. Ihre Email-Adresse verwenden wir ausschlie\u00dflich zu weiterf\u00fchrenden, konkreten Informationen bzgl. Ihrer Bestellung. Falls gew\u00fcnscht verschicken wir Werbemittel (Katalog, Flyer, Newsletter) an die von Ihnen angegebene Email-Adresse. Die Zustellung von Werbemitteln kann selbstverst\u00e4ndlich jederzeit widerrufen werden. Sind Sie Neukunde bei uns, so sieht es der Bestellablauf vor, dass Sie vor Ihrer ersten Bestellung ein Kundenkonto bei uns anlegen oder im Zuge der Bestellung als &#8222;Einmalkunde&#8220; pers\u00f6nliche Daten, wie z.B. Ihren Namen, Ihre Email-Adresse und Ihre Versandadresse angeben. Wir speichern diese Daten in Ihrem Online-Kundenkonto, um Ihnen eine bequeme Bestellabwicklung im Weiteren zu erm\u00f6glichen. Zus\u00e4tzliche Daten, die bei bestimmten Zahlungsarten wie z.B. Kreditkartenzahlung zur weiteren Abwicklung ben\u00f6tigt werden, werden in Ihrem Online-Kundenkonto niemals in vollst\u00e4ndiger Form und verschl\u00fcsselt abgespeichert.<br \/>\nAngelegte Benutzerkonten sind innerhalb der Domain office@pro-digital.at g\u00fcltig.<\/p>\n<p><strong><br \/>\nAuskunftserteilung, L\u00f6schung &amp; Sperrung<\/strong><\/p>\n<p>Selbstverst\u00e4ndlich sind wir jederzeit bereit, Ihnen Auskunft \u00fcber s\u00e4mtliche von Ihnen bei uns gespeicherten Daten zu erteilen. Kontaktieren Sie uns bitte hierzu unter Tel : 01 308 44 18,<\/p>\n<p>office@pro-digital.at .<\/p>\n<p><strong><br \/>\nWeitergabe an Dritte<\/strong><\/p>\n<p>Die Daten aus Ihrem Einkauf werden von uns nur verwendet, um unser Produktangebot und unsere Website f\u00fcr Sie zu verbessern. In keinem Fall geben wir Ihre personenbezogenen Daten einschlie\u00dflich Email-Adresse an Dritte weiter. Ausgenommen sind Dienstleistungspartner, welche zur Abwicklung Ihrer Bestellung weitere Daten einfordern. Hierzu z\u00e4hlen Transportunternehmen (Post, DPD, Speditionen), unsere vertraglich verbundenen Partner f\u00fcr Finanzdienstleistungen\/Versicherer (Finanzierung, Kreditkarte, Garantieversicherungen)<\/p>\n<p><strong>Nutzung\u00a0von Facebook\u00a0(Like-Button)<\/strong><\/p>\n<p>Auf unseren Seiten sind Plugins des sozialen Netzwerks Facebook, Anbieter Facebook Inc., 1 Hacker Way, Menlo Park, California 94025, USA, integriert. Die Facebook-Plugins erkennen Sie an dem Facebook-Logo oder dem &#8222;Like-Button&#8220; (&#8222;Gef\u00e4llt mir&#8220;) auf unserer Seite. Eine \u00fcbersicht \u00fcber die Facebook-Plugins finden Sie hier: <a href=\"http:\/\/developers.facebook.com\/docs\/plugins\/\">http:\/\/developers.facebook.com\/docs\/plugins\/<\/a>.<\/p>\n<p>&nbsp;<\/p>\n<p>Wenn Sie unsere Seiten besuchen, wird \u00fcber das Plugin eine direkte Verbindung zwischen Ihrem Browser und dem Facebook-Server hergestellt. Facebook erh\u00e4lt dadurch die Information, dass Sie mit Ihrer IP-Adresse unsere Seite besucht haben. Wenn Sie den Facebook &#8222;Like-Button&#8220; anklicken w\u00e4hrend Sie in Ihrem Facebook-Account eingeloggt sind, k\u00f6nnen Sie die Inhalte unserer Seiten auf Ihrem Facebook-Profil verlinken. Dadurch kann Facebook den Besuch unserer Seiten Ihrem Benutzerkonto zuordnen. Wir weisen darauf hin, dass wir als Anbieter der Seiten keine Kenntnis vom Inhalt der \u00fcbermittelten Daten sowie deren Nutzung durch Facebook erhalten. Weitere Informationen hierzu finden Sie in der Datenschutzerkl\u00e4rung von Facebook unter <a href=\"http:\/\/de-de.facebook.com\/policy.php\">http:\/\/de-de.facebook.com\/policy.php<\/a>.<\/p>\n<p>Wenn Sie nicht w\u00fcnschen, dass Facebook den Besuch unserer Seiten Ihrem Facebook-Nutzerkonto zuordnen kann, loggen Sie sich bitte aus Ihrem Facebook-Benutzerkonto aus.<\/p>\n<p><strong>\u00a0<\/strong><\/p>\n<p><strong><br \/>\n<\/strong><strong>Sie erreichen uns unter folgenden Kontaktdaten<\/strong>:<\/p>\n<p>Pro Digital ,k\u00f6nig+kunzl,<\/p>\n<p>1180 Wien, Antonigasse 44,<\/p>\n<p>Tel :\u00a0 01 308 4418, office@pro-digital.at<\/p>\n","protected":false},"excerpt":{"rendered":"<p>Erkl\u00e4rung zur Informationspflicht (Datenschutzerkl\u00e4rung) Stand Dezember 2017 Der Schutz Ihrer pers\u00f6nlichen Daten ist uns ein besonderes Anliegen. Wir verarbeiten Ihre Daten daher ausschlie\u00dflich auf Grundlage der gesetzlichen Bestimmungen (DSGVO, TKG 2003). In diesen Datenschutzinformationen informieren wir Sie \u00fcber die wichtigsten Aspekte der Datenverarbeitung im Rahmen unserer Website. &nbsp; Kontakt mit uns Wenn Sie per Formular &hellip; <a href=\"http:\/\/www.pro-digital.at\/newsletter\/?page_id=1892\" class=\"more-link\"><span class=\"screen-reader-text\">Datenschutzerkl\u00e4rung<\/span> weiterlesen <span class=\"meta-nav\">&rarr;<\/span><\/a><\/p>\n","protected":false},"author":1,"featured_media":0,"parent":0,"menu_order":0,"comment_status":"closed","ping_status":"closed","template":"page-templates\/full-width.php","meta":{"footnotes":""},"class_list":["post-1892","page","type-page","status-publish","hentry"],"_links":{"self":[{"href":"http:\/\/www.pro-digital.at\/newsletter\/index.php?rest_route=\/wp\/v2\/pages\/1892","targetHints":{"allow":["GET"]}}],"collection":[{"href":"http:\/\/www.pro-digital.at\/newsletter\/index.php?rest_route=\/wp\/v2\/pages"}],"about":[{"href":"http:\/\/www.pro-digital.at\/newsletter\/index.php?rest_route=\/wp\/v2\/types\/page"}],"author":[{"embeddable":true,"href":"http:\/\/www.pro-digital.at\/newsletter\/index.php?rest_route=\/wp\/v2\/users\/1"}],"replies":[{"embeddable":true,"href":"http:\/\/www.pro-digital.at\/newsletter\/index.php?rest_route=%2Fwp%2Fv2%2Fcomments&post=1892"}],"version-history":[{"count":1,"href":"http:\/\/www.pro-digital.at\/newsletter\/index.php?rest_route=\/wp\/v2\/pages\/1892\/revisions"}],"predecessor-version":[{"id":1893,"href":"http:\/\/www.pro-digital.at\/newsletter\/index.php?rest_route=\/wp\/v2\/pages\/1892\/revisions\/1893"}],"wp:attachment":[{"href":"http:\/\/www.pro-digital.at\/newsletter\/index.php?rest_route=%2Fwp%2Fv2%2Fmedia&parent=1892"}],"curies":[{"name":"wp","href":"https:\/\/api.w.org\/{rel}","templated":true}]}}